{"id":1040526,"date":"2025-11-14T11:20:19","date_gmt":"2025-11-14T11:20:19","guid":{"rendered":"http:\/\/new.ufp.pt\/?page_id=1040526"},"modified":"2026-03-31T07:11:06","modified_gmt":"2026-03-31T07:11:06","slug":"unidades-curriculares-isoladas-aluno-externo","status":"publish","type":"page","link":"https:\/\/www.ufp.pt\/index.php\/unidades-curriculares-isoladas-aluno-externo\/","title":{"rendered":"Unidades curriculares isoladas (aluno externo)"},"content":{"rendered":"\t\t<div data-elementor-type=\"wp-page\" data-elementor-id=\"1040526\" class=\"elementor elementor-1040526\" data-elementor-post-type=\"page\">\n\t\t\t\t<div class=\"elementor-element elementor-element-43bf818 animated-slow e-con-full e-flex elementor-invisible e-con e-parent\" data-id=\"43bf818\" data-element_type=\"container\" data-e-type=\"container\" data-settings=\"{&quot;background_background&quot;:&quot;classic&quot;,&quot;sticky&quot;:&quot;top&quot;,&quot;sticky_offset&quot;:57,&quot;sticky_offset_tablet&quot;:75,&quot;sticky_offset_mobile&quot;:70,&quot;animation&quot;:&quot;fadeIn&quot;,&quot;sticky_on&quot;:[&quot;desktop&quot;,&quot;tablet&quot;,&quot;mobile&quot;],&quot;sticky_effects_offset&quot;:0,&quot;sticky_anchor_link_offset&quot;:0}\">\n\t\t\t\t<div class=\"elementor-element elementor-element-6d71164 elementor-widget elementor-widget-breadcrumbs\" data-id=\"6d71164\" data-element_type=\"widget\" data-e-type=\"widget\" data-widget_type=\"breadcrumbs.default\">\n\t\t\t\t\t<p id=\"breadcrumbs\"><span><span><a href=\"https:\/\/www.ufp.pt\/\">UFP<\/a><\/span><\/span><\/p>\t\t\t\t<\/div>\n\t\t\t\t<\/div>\n\t\t<div class=\"elementor-element elementor-element-bb09d88 animated-fast e-con-full e-flex elementor-invisible e-con e-parent\" data-id=\"bb09d88\" data-element_type=\"container\" data-e-type=\"container\" data-settings=\"{&quot;background_background&quot;:&quot;classic&quot;,&quot;animation_mobile&quot;:&quot;fadeIn&quot;,&quot;animation&quot;:&quot;fadeInUp&quot;}\">\n\t\t\t\t<div class=\"elementor-element elementor-element-2cecb53 elementor-invisible elementor-widget elementor-widget-heading\" data-id=\"2cecb53\" data-element_type=\"widget\" data-e-type=\"widget\" data-settings=\"{&quot;_animation&quot;:&quot;fadeInUp&quot;}\" data-widget_type=\"heading.default\">\n\t\t\t\t\t<div class=\"elementor-heading-title elementor-size-default\"><div class=\"titulo-custom\">\n  <span class=\"titulo-desktop\">\n    UNIDADES CURRICULARES ISOLADAS <span class=\"online\">(ALUNO EXTERNO)<\/span>\n  <\/span>\n  <span class=\"titulo-mobile\">\n    UNIDADES<br>\n    CURRICULARES<br>\n    ISOLADAS<br>\n    <span class=\"online\">(ALUNO EXTERNO)<\/span>\n  <\/span>\n<\/div><\/div>\t\t\t\t<\/div>\n\t\t\t\t<\/div>\n\t\t<div class=\"elementor-element elementor-element-860f1c4 animated-fast e-con-full e-flex elementor-invisible e-con e-child\" data-id=\"860f1c4\" data-element_type=\"container\" data-e-type=\"container\" data-settings=\"{&quot;background_background&quot;:&quot;classic&quot;,&quot;animation&quot;:&quot;fadeIn&quot;}\">\n\t\t<div class=\"elementor-element elementor-element-3bd648d e-con-full e-flex e-con e-child\" data-id=\"3bd648d\" data-element_type=\"container\" data-e-type=\"container\" data-settings=\"{&quot;background_background&quot;:&quot;classic&quot;}\">\n\t\t\t\t<div class=\"elementor-element elementor-element-2e96425 elementor-widget elementor-widget-text-editor\" data-id=\"2e96425\" data-element_type=\"widget\" data-e-type=\"widget\" data-widget_type=\"text-editor.default\">\n\t\t\t\t\t\t\t\t\t<p><strong>N\u00e3o precisa de ser estudante do ensino superior para frequentar a Universidade\u00a0Fernando\u00a0Pessoa\u00a0(UFP)<\/strong><\/p><p><strong>1. <\/strong>A UFP nos termos do Artigo 46\u00ba-A do Decreto-Lei n\u00ba 74\/2006, de 24 de Mar\u00e7o, na \u00faltima reda\u00e7\u00e3o que lhe foi dada pelo Decreto-Lei n\u00ba 65\/2018, de 16 de agosto, faculta a inscri\u00e7\u00e3o em unidades curriculares isoladas que ministram a interessados, designados por \u201c<strong>alunos externos<\/strong>\u201c, que estejam inscritos num ciclo de estudos do ensino superior ou que n\u00e3o re\u00fanam ainda as condi\u00e7\u00f5es de ingresso no ensino superior.<\/p><p><strong>2.<\/strong> A inscri\u00e7\u00e3o em unidades curriculares isoladas pode ser feita em regime de frequ\u00eancia sujeita ou n\u00e3o a avalia\u00e7\u00e3o, nas condi\u00e7\u00f5es seguintes:<br \/>a) <strong>O n\u00famero m\u00e1ximo de ECTS<\/strong> a que o \u201c<strong>aluno externo<\/strong>\u201d pode inscrever-se \u00e9 de <strong>60<\/strong>, acumulados ao longo do percurso acad\u00e9mico;<br \/>b) A inscri\u00e7\u00e3o em unidades curriculares sujeitas a avalia\u00e7\u00e3o s\u00f3 pode ser autorizada por um ano letivo aos candidatos que n\u00e3o preencham os requisitos legais de acesso e ingresso no ensino superior portugu\u00eas;<br \/>c) As unidades curriculares realizadas com aproveitamento ser\u00e3o obrigatoriamente creditadas, caso o aluno externo tenha ou venha a adquirir o estatuto de estudante regular de um ciclo de estudos do ensino superior;<br \/>d) Essas unidades curriculares isoladas s\u00e3o inclu\u00eddas no suplemento ao diploma que venha a ser emitido, ap\u00f3s a conclus\u00e3o do ciclo de estudos.<\/p><p><strong>3.<\/strong> A inscri\u00e7\u00e3o nestas unidades curriculares n\u00e3o confere ao aluno externo o estatuto de estudante de um ciclo de estudos nem lhe atribui qualquer vantagem ou privil\u00e9gio, no concurso de acesso e ingresso no ciclo de estudos, a que venha a candidatar-se.<\/p><p><strong>4. <\/strong>Pela inscri\u00e7\u00e3o como \u201caluno externo\u201d s\u00e3o devidas as taxas escolares fixadas no respetivo regulamento, dispon\u00edvel no portal web da institui\u00e7\u00e3o.<\/p>\t\t\t\t\t\t\t\t<\/div>\n\t\t\t\t<\/div>\n\t\t<div class=\"elementor-element elementor-element-35ead23 e-con-full e-flex e-con e-child\" data-id=\"35ead23\" data-element_type=\"container\" data-e-type=\"container\" data-settings=\"{&quot;background_background&quot;:&quot;classic&quot;}\">\n\t\t\t\t<div class=\"elementor-element elementor-element-50c5a4b elementor-widget elementor-widget-text-editor\" data-id=\"50c5a4b\" data-element_type=\"widget\" data-e-type=\"widget\" data-widget_type=\"text-editor.default\">\n\t\t\t\t\t\t\t\t\t<p><strong>Como \u00e9 que eu me posso candidatar?<\/strong><\/p><p>A candidatura \u00e0 inscri\u00e7\u00e3o em unidades curriculares isoladas \u00e9 feita em <a href=\"https:\/\/inforestudante.ufp.pt\/\">https:\/\/inforestudante.ufp.pt<\/a> durante o respetivo cronograma de ingresso, sendo necess\u00e1rio submeter c\u00f3pia do certificado da escolaridade realizada pelo candidato, com a nota final obtida e com o carimbo da escola claramente vis\u00edvel.<\/p><p>No caso de candidatos com escolaridade n\u00e3o portuguesa:<br \/>&#8211; Os certificados de escolaridade t\u00eam de ser acompanhados da escala de avalia\u00e7\u00e3o quantitativa, com a nota m\u00ednima e m\u00e1xima da escala e a nota m\u00ednima para aprova\u00e7\u00e3o numa disciplina;<br \/>&#8211; Os certificados que n\u00e3o estejam redigidos em portugu\u00eas, ingl\u00eas, franc\u00eas ou espanhol devem ser acompanhados de uma tradu\u00e7\u00e3o para Portugu\u00eas, a qual dever\u00e1 estar legalizada pelo agente consular portugu\u00eas no Pa\u00eds de origem do diploma\/certificado ou legalizada pela <a href=\"https:\/\/www.hcch.net\/en\/instruments\/conventions\/authorities1\/?cid=41.\">Apostilha de Haia<\/a><br \/>&#8211; Certificados de escolaridade feita em pa\u00edses extracomunit\u00e1rios, isto \u00e9, n\u00e3o pertencentes \u00e0 Uni\u00e3o Europeia, t\u00eam de ser autenticados com a Apostilha de Haia.<\/p><p><strong>Como \u00e9 que \u00e9 feita a seria\u00e7\u00e3o?<\/strong><\/p><p>&#8211; A coloca\u00e7\u00e3o dos candidatos \u00e9 feita por ordem decrescente da nota final do ensino secund\u00e1rio at\u00e9 se preencherem as vagas dispon\u00edveis.<br \/>&#8211; Candidatos que n\u00e3o terminaram o ensino secund\u00e1rio, dever\u00e3o submeter na candidatura uma declara\u00e7\u00e3o da escola secund\u00e1ria com a m\u00e9dia aritm\u00e9tica obtida at\u00e9 ao momento no respetivo ciclo de estudos.<\/p>\t\t\t\t\t\t\t\t<\/div>\n\t\t\t\t<\/div>\n\t\t\t\t<\/div>\n\t\t\t\t<\/div>\n\t\t","protected":false},"excerpt":{"rendered":"<p>UNIDADES CURRICULARES ISOLADAS (ALUNO EXTERNO) UNIDADES CURRICULARES ISOLADAS (ALUNO EXTERNO) N\u00e3o precisa de ser estudante do ensino superior para frequentar a Universidade\u00a0Fernando\u00a0Pessoa\u00a0(UFP) 1. A UFP nos termos do Artigo 46\u00ba-A do Decreto-Lei n\u00ba 74\/2006, de 24 de Mar\u00e7o, na \u00faltima reda\u00e7\u00e3o que lhe foi dada pelo Decreto-Lei n\u00ba 65\/2018, de 16 de agosto, faculta a [&hellip;]<\/p>\n","protected":false},"author":2,"featured_media":0,"parent":0,"menu_order":0,"comment_status":"closed","ping_status":"closed","template":"","meta":{"footnotes":""},"class_list":["post-1040526","page","type-page","status-publish","hentry"],"yoast_head":"<!-- This site is optimized with the Yoast SEO plugin v27.3 - https:\/\/yoast.com\/product\/yoast-seo-wordpress\/ -->\n<title>Unidades curriculares isoladas (aluno externo) - Universidade Fernando Pessoa<\/title>\n<meta name=\"robots\" content=\"index, follow, max-snippet:-1, max-image-preview:large, max-video-preview:-1\" \/>\n<link rel=\"canonical\" href=\"https:\/\/www.ufp.pt\/index.php\/unidades-curriculares-isoladas-aluno-externo\/\" \/>\n<meta property=\"og:locale\" content=\"pt_PT\" \/>\n<meta property=\"og:type\" content=\"article\" \/>\n<meta property=\"og:title\" content=\"Unidades curriculares isoladas (aluno externo) - Universidade Fernando Pessoa\" \/>\n<meta property=\"og:description\" content=\"UNIDADES CURRICULARES ISOLADAS (ALUNO EXTERNO) UNIDADES CURRICULARES ISOLADAS (ALUNO EXTERNO) N\u00e3o precisa de ser estudante do ensino superior para frequentar a Universidade\u00a0Fernando\u00a0Pessoa\u00a0(UFP) 1. A UFP nos termos do Artigo 46\u00ba-A do Decreto-Lei n\u00ba 74\/2006, de 24 de Mar\u00e7o, na \u00faltima reda\u00e7\u00e3o que lhe foi dada pelo Decreto-Lei n\u00ba 65\/2018, de 16 de agosto, faculta a [&hellip;]\" \/>\n<meta property=\"og:url\" content=\"https:\/\/www.ufp.pt\/index.php\/unidades-curriculares-isoladas-aluno-externo\/\" \/>\n<meta property=\"og:site_name\" content=\"Universidade Fernando Pessoa\" \/>\n<meta property=\"article:publisher\" content=\"http:\/\/facebook.com\/universidadefernandopessoa\" \/>\n<meta property=\"article:modified_time\" content=\"2026-03-31T07:11:06+00:00\" \/>\n<meta name=\"twitter:card\" content=\"summary_large_image\" \/>\n<meta name=\"twitter:label1\" content=\"Tempo estimado de leitura\" \/>\n\t<meta name=\"twitter:data1\" content=\"3 minutos\" \/>\n<script type=\"application\/ld+json\" class=\"yoast-schema-graph\">{\"@context\":\"https:\\\/\\\/schema.org\",\"@graph\":[{\"@type\":\"WebPage\",\"@id\":\"https:\\\/\\\/www.ufp.pt\\\/index.php\\\/unidades-curriculares-isoladas-aluno-externo\\\/\",\"url\":\"https:\\\/\\\/www.ufp.pt\\\/index.php\\\/unidades-curriculares-isoladas-aluno-externo\\\/\",\"name\":\"Unidades curriculares isoladas (aluno externo) - Universidade Fernando Pessoa\",\"isPartOf\":{\"@id\":\"http:\\\/\\\/new.ufp.pt\\\/#website\"},\"datePublished\":\"2025-11-14T11:20:19+00:00\",\"dateModified\":\"2026-03-31T07:11:06+00:00\",\"breadcrumb\":{\"@id\":\"https:\\\/\\\/www.ufp.pt\\\/index.php\\\/unidades-curriculares-isoladas-aluno-externo\\\/#breadcrumb\"},\"inLanguage\":\"pt-PT\",\"potentialAction\":[{\"@type\":\"ReadAction\",\"target\":[\"https:\\\/\\\/www.ufp.pt\\\/index.php\\\/unidades-curriculares-isoladas-aluno-externo\\\/\"]}]},{\"@type\":\"BreadcrumbList\",\"@id\":\"https:\\\/\\\/www.ufp.pt\\\/index.php\\\/unidades-curriculares-isoladas-aluno-externo\\\/#breadcrumb\",\"itemListElement\":[{\"@type\":\"ListItem\",\"position\":1,\"name\":\"UFP\",\"item\":\"https:\\\/\\\/www.ufp.pt\\\/\"},{\"@type\":\"ListItem\",\"position\":2,\"name\":\"Unidades curriculares isoladas (aluno externo)\"}]},{\"@type\":\"WebSite\",\"@id\":\"http:\\\/\\\/new.ufp.pt\\\/#website\",\"url\":\"http:\\\/\\\/new.ufp.pt\\\/\",\"name\":\"Universidade Fernando Pessoa\",\"description\":\"\",\"publisher\":{\"@id\":\"http:\\\/\\\/new.ufp.pt\\\/#organization\"},\"potentialAction\":[{\"@type\":\"SearchAction\",\"target\":{\"@type\":\"EntryPoint\",\"urlTemplate\":\"http:\\\/\\\/new.ufp.pt\\\/?s={search_term_string}\"},\"query-input\":{\"@type\":\"PropertyValueSpecification\",\"valueRequired\":true,\"valueName\":\"search_term_string\"}}],\"inLanguage\":\"pt-PT\"},{\"@type\":\"Organization\",\"@id\":\"http:\\\/\\\/new.ufp.pt\\\/#organization\",\"name\":\"Universidade Fernando Pessoa\",\"alternateName\":\"UFP\",\"url\":\"http:\\\/\\\/new.ufp.pt\\\/\",\"logo\":{\"@type\":\"ImageObject\",\"inLanguage\":\"pt-PT\",\"@id\":\"http:\\\/\\\/new.ufp.pt\\\/#\\\/schema\\\/logo\\\/image\\\/\",\"url\":\"https:\\\/\\\/www.ufp.pt\\\/wp-content\\\/uploads\\\/2025\\\/11\\\/02logo_ufp_site.svg\",\"contentUrl\":\"https:\\\/\\\/www.ufp.pt\\\/wp-content\\\/uploads\\\/2025\\\/11\\\/02logo_ufp_site.svg\",\"width\":1280,\"height\":1280,\"caption\":\"Universidade Fernando Pessoa\"},\"image\":{\"@id\":\"http:\\\/\\\/new.ufp.pt\\\/#\\\/schema\\\/logo\\\/image\\\/\"},\"sameAs\":[\"http:\\\/\\\/facebook.com\\\/universidadefernandopessoa\",\"https:\\\/\\\/www.instagram.com\\\/universidadefernandopessoa\\\/\",\"https:\\\/\\\/www.youtube.com\\\/channel\\\/UCgDBeiAe6LpnSzEQj6-TssA\",\"https:\\\/\\\/pt.linkedin.com\\\/school\\\/universidade-fernando-pessoa\\\/\"]}]}<\/script>\n<!-- \/ Yoast SEO plugin. -->","yoast_head_json":{"title":"Unidades curriculares isoladas (aluno externo) - Universidade Fernando Pessoa","robots":{"index":"index","follow":"follow","max-snippet":"max-snippet:-1","max-image-preview":"max-image-preview:large","max-video-preview":"max-video-preview:-1"},"canonical":"https:\/\/www.ufp.pt\/index.php\/unidades-curriculares-isoladas-aluno-externo\/","og_locale":"pt_PT","og_type":"article","og_title":"Unidades curriculares isoladas (aluno externo) - Universidade Fernando Pessoa","og_description":"UNIDADES CURRICULARES ISOLADAS (ALUNO EXTERNO) UNIDADES CURRICULARES ISOLADAS (ALUNO EXTERNO) N\u00e3o precisa de ser estudante do ensino superior para frequentar a Universidade\u00a0Fernando\u00a0Pessoa\u00a0(UFP) 1. A UFP nos termos do Artigo 46\u00ba-A do Decreto-Lei n\u00ba 74\/2006, de 24 de Mar\u00e7o, na \u00faltima reda\u00e7\u00e3o que lhe foi dada pelo Decreto-Lei n\u00ba 65\/2018, de 16 de agosto, faculta a [&hellip;]","og_url":"https:\/\/www.ufp.pt\/index.php\/unidades-curriculares-isoladas-aluno-externo\/","og_site_name":"Universidade Fernando Pessoa","article_publisher":"http:\/\/facebook.com\/universidadefernandopessoa","article_modified_time":"2026-03-31T07:11:06+00:00","twitter_card":"summary_large_image","twitter_misc":{"Tempo estimado de leitura":"3 minutos"},"schema":{"@context":"https:\/\/schema.org","@graph":[{"@type":"WebPage","@id":"https:\/\/www.ufp.pt\/index.php\/unidades-curriculares-isoladas-aluno-externo\/","url":"https:\/\/www.ufp.pt\/index.php\/unidades-curriculares-isoladas-aluno-externo\/","name":"Unidades curriculares isoladas (aluno externo) - Universidade Fernando Pessoa","isPartOf":{"@id":"http:\/\/new.ufp.pt\/#website"},"datePublished":"2025-11-14T11:20:19+00:00","dateModified":"2026-03-31T07:11:06+00:00","breadcrumb":{"@id":"https:\/\/www.ufp.pt\/index.php\/unidades-curriculares-isoladas-aluno-externo\/#breadcrumb"},"inLanguage":"pt-PT","potentialAction":[{"@type":"ReadAction","target":["https:\/\/www.ufp.pt\/index.php\/unidades-curriculares-isoladas-aluno-externo\/"]}]},{"@type":"BreadcrumbList","@id":"https:\/\/www.ufp.pt\/index.php\/unidades-curriculares-isoladas-aluno-externo\/#breadcrumb","itemListElement":[{"@type":"ListItem","position":1,"name":"UFP","item":"https:\/\/www.ufp.pt\/"},{"@type":"ListItem","position":2,"name":"Unidades curriculares isoladas (aluno externo)"}]},{"@type":"WebSite","@id":"http:\/\/new.ufp.pt\/#website","url":"http:\/\/new.ufp.pt\/","name":"Universidade Fernando Pessoa","description":"","publisher":{"@id":"http:\/\/new.ufp.pt\/#organization"},"potentialAction":[{"@type":"SearchAction","target":{"@type":"EntryPoint","urlTemplate":"http:\/\/new.ufp.pt\/?s={search_term_string}"},"query-input":{"@type":"PropertyValueSpecification","valueRequired":true,"valueName":"search_term_string"}}],"inLanguage":"pt-PT"},{"@type":"Organization","@id":"http:\/\/new.ufp.pt\/#organization","name":"Universidade Fernando Pessoa","alternateName":"UFP","url":"http:\/\/new.ufp.pt\/","logo":{"@type":"ImageObject","inLanguage":"pt-PT","@id":"http:\/\/new.ufp.pt\/#\/schema\/logo\/image\/","url":"https:\/\/www.ufp.pt\/wp-content\/uploads\/2025\/11\/02logo_ufp_site.svg","contentUrl":"https:\/\/www.ufp.pt\/wp-content\/uploads\/2025\/11\/02logo_ufp_site.svg","width":1280,"height":1280,"caption":"Universidade Fernando Pessoa"},"image":{"@id":"http:\/\/new.ufp.pt\/#\/schema\/logo\/image\/"},"sameAs":["http:\/\/facebook.com\/universidadefernandopessoa","https:\/\/www.instagram.com\/universidadefernandopessoa\/","https:\/\/www.youtube.com\/channel\/UCgDBeiAe6LpnSzEQj6-TssA","https:\/\/pt.linkedin.com\/school\/universidade-fernando-pessoa\/"]}]}},"_links":{"self":[{"href":"https:\/\/www.ufp.pt\/index.php\/wp-json\/wp\/v2\/pages\/1040526","targetHints":{"allow":["GET"]}}],"collection":[{"href":"https:\/\/www.ufp.pt\/index.php\/wp-json\/wp\/v2\/pages"}],"about":[{"href":"https:\/\/www.ufp.pt\/index.php\/wp-json\/wp\/v2\/types\/page"}],"author":[{"embeddable":true,"href":"https:\/\/www.ufp.pt\/index.php\/wp-json\/wp\/v2\/users\/2"}],"replies":[{"embeddable":true,"href":"https:\/\/www.ufp.pt\/index.php\/wp-json\/wp\/v2\/comments?post=1040526"}],"version-history":[{"count":28,"href":"https:\/\/www.ufp.pt\/index.php\/wp-json\/wp\/v2\/pages\/1040526\/revisions"}],"predecessor-version":[{"id":1050668,"href":"https:\/\/www.ufp.pt\/index.php\/wp-json\/wp\/v2\/pages\/1040526\/revisions\/1050668"}],"wp:attachment":[{"href":"https:\/\/www.ufp.pt\/index.php\/wp-json\/wp\/v2\/media?parent=1040526"}],"curies":[{"name":"wp","href":"https:\/\/api.w.org\/{rel}","templated":true}]}}