{"id":1040734,"date":"2025-11-18T12:16:45","date_gmt":"2025-11-18T12:16:45","guid":{"rendered":"http:\/\/new.ufp.pt\/?page_id=1040734"},"modified":"2026-03-21T14:20:00","modified_gmt":"2026-03-21T14:20:00","slug":"titulos","status":"publish","type":"page","link":"https:\/\/www.ufp.pt\/index.php\/titulos\/","title":{"rendered":"T\u00edtulos"},"content":{"rendered":"\t\t<div data-elementor-type=\"wp-page\" data-elementor-id=\"1040734\" class=\"elementor elementor-1040734\" data-elementor-post-type=\"page\">\n\t\t\t\t<div class=\"elementor-element elementor-element-58b6f72 animated-slow e-flex e-con-boxed elementor-invisible e-con e-parent\" data-id=\"58b6f72\" data-element_type=\"container\" data-e-type=\"container\" data-settings=\"{&quot;background_background&quot;:&quot;classic&quot;,&quot;sticky&quot;:&quot;top&quot;,&quot;sticky_offset&quot;:57,&quot;sticky_offset_tablet&quot;:75,&quot;sticky_offset_mobile&quot;:70,&quot;animation&quot;:&quot;fadeIn&quot;,&quot;sticky_on&quot;:[&quot;desktop&quot;,&quot;tablet&quot;,&quot;mobile&quot;],&quot;sticky_effects_offset&quot;:0,&quot;sticky_anchor_link_offset&quot;:0}\">\n\t\t\t\t\t<div class=\"e-con-inner\">\n\t\t\t\t<div class=\"elementor-element elementor-element-060e9ed elementor-widget elementor-widget-breadcrumbs\" data-id=\"060e9ed\" data-element_type=\"widget\" data-e-type=\"widget\" data-widget_type=\"breadcrumbs.default\">\n\t\t\t\t\t<p id=\"breadcrumbs\"><span><span><a href=\"https:\/\/www.ufp.pt\/\">UFP<\/a><\/span><\/span><\/p>\t\t\t\t<\/div>\n\t\t\t\t\t<\/div>\n\t\t\t\t<\/div>\n\t\t<div class=\"elementor-element elementor-element-41292f4 animated-fast e-flex e-con-boxed elementor-invisible e-con e-child\" data-id=\"41292f4\" data-element_type=\"container\" data-e-type=\"container\" data-settings=\"{&quot;background_background&quot;:&quot;classic&quot;,&quot;animation&quot;:&quot;fadeIn&quot;}\">\n\t\t\t\t\t<div class=\"e-con-inner\">\n\t\t<div class=\"elementor-element elementor-element-64b6aad elementor-hidden-tablet elementor-hidden-mobile e-con-full e-flex e-con e-child\" data-id=\"64b6aad\" data-element_type=\"container\" data-e-type=\"container\" data-settings=\"{&quot;background_background&quot;:&quot;classic&quot;,&quot;sticky&quot;:&quot;top&quot;,&quot;sticky_offset&quot;:249,&quot;sticky_on&quot;:[&quot;desktop&quot;,&quot;tablet&quot;,&quot;mobile&quot;],&quot;sticky_effects_offset&quot;:0,&quot;sticky_anchor_link_offset&quot;:0}\">\n\t\t\t\t<div class=\"elementor-element elementor-element-846124d elementor-invisible elementor-widget elementor-widget-heading\" data-id=\"846124d\" data-element_type=\"widget\" data-e-type=\"widget\" data-settings=\"{&quot;_animation&quot;:&quot;fadeInUp&quot;}\" data-widget_type=\"heading.default\">\n\t\t\t\t\t<div class=\"elementor-heading-title elementor-size-default\">T\u00cdTULOS<\/div>\t\t\t\t<\/div>\n\t\t\t\t<div class=\"elementor-element elementor-element-c5a4bcc elementor-nav-menu--dropdown-mobile meu-menu-vertical elementor-nav-menu__text-align-aside elementor-nav-menu--toggle elementor-nav-menu--burger elementor-widget elementor-widget-nav-menu\" data-id=\"c5a4bcc\" data-element_type=\"widget\" data-e-type=\"widget\" data-settings=\"{&quot;layout&quot;:&quot;vertical&quot;,&quot;submenu_icon&quot;:{&quot;value&quot;:&quot;&lt;svg aria-hidden=\\&quot;true\\&quot; class=\\&quot;fa-svg-chevron-down e-font-icon-svg e-fas-chevron-down\\&quot; viewBox=\\&quot;0 0 448 512\\&quot; xmlns=\\&quot;http:\\\/\\\/www.w3.org\\\/2000\\\/svg\\&quot;&gt;&lt;path d=\\&quot;M207.029 381.476L12.686 187.132c-9.373-9.373-9.373-24.569 0-33.941l22.667-22.667c9.357-9.357 24.522-9.375 33.901-.04L224 284.505l154.745-154.021c9.379-9.335 24.544-9.317 33.901.04l22.667 22.667c9.373 9.373 9.373 24.569 0 33.941L240.971 381.476c-9.373 9.372-24.569 9.372-33.942 0z\\&quot;&gt;&lt;\\\/path&gt;&lt;\\\/svg&gt;&quot;,&quot;library&quot;:&quot;fa-solid&quot;},&quot;_animation&quot;:&quot;none&quot;,&quot;toggle&quot;:&quot;burger&quot;}\" data-widget_type=\"nav-menu.default\">\n\t\t\t\t\t\t\t\t<nav aria-label=\"Menu\" class=\"elementor-nav-menu--main elementor-nav-menu__container elementor-nav-menu--layout-vertical e--pointer-background e--animation-sweep-right\">\n\t\t\t\t<ul id=\"menu-1-c5a4bcc\" class=\"elementor-nav-menu sm-vertical\"><li class=\"menu-item menu-item-type-custom menu-item-object-custom menu-item-1040741\"><a href=\"#ta\" class=\"elementor-item elementor-item-anchor\">T\u00edtulo de Agregado<\/a><\/li>\n<li class=\"menu-item menu-item-type-custom menu-item-object-custom menu-item-1040742\"><a href=\"#pcc\" class=\"elementor-item elementor-item-anchor\">Provas de Casos Cl\u00ednicos<\/a><\/li>\n<\/ul>\t\t\t<\/nav>\n\t\t\t\t\t<div class=\"elementor-menu-toggle\" role=\"button\" tabindex=\"0\" aria-label=\"Menu Toggle\" aria-expanded=\"false\">\n\t\t\t<svg aria-hidden=\"true\" role=\"presentation\" class=\"elementor-menu-toggle__icon--open e-font-icon-svg e-eicon-menu-bar\" viewBox=\"0 0 1000 1000\" xmlns=\"http:\/\/www.w3.org\/2000\/svg\"><path d=\"M104 333H896C929 333 958 304 958 271S929 208 896 208H104C71 208 42 237 42 271S71 333 104 333ZM104 583H896C929 583 958 554 958 521S929 458 896 458H104C71 458 42 487 42 521S71 583 104 583ZM104 833H896C929 833 958 804 958 771S929 708 896 708H104C71 708 42 737 42 771S71 833 104 833Z\"><\/path><\/svg><svg aria-hidden=\"true\" role=\"presentation\" class=\"elementor-menu-toggle__icon--close e-font-icon-svg e-eicon-close\" viewBox=\"0 0 1000 1000\" xmlns=\"http:\/\/www.w3.org\/2000\/svg\"><path d=\"M742 167L500 408 258 167C246 154 233 150 217 150 196 150 179 158 167 167 154 179 150 196 150 212 150 229 154 242 171 254L408 500 167 742C138 771 138 800 167 829 196 858 225 858 254 829L496 587 738 829C750 842 767 846 783 846 800 846 817 842 829 829 842 817 846 804 846 783 846 767 842 750 829 737L588 500 833 258C863 229 863 200 833 171 804 137 775 137 742 167Z\"><\/path><\/svg>\t\t<\/div>\n\t\t\t\t\t<nav class=\"elementor-nav-menu--dropdown elementor-nav-menu__container\" aria-hidden=\"true\">\n\t\t\t\t<ul id=\"menu-2-c5a4bcc\" class=\"elementor-nav-menu sm-vertical\"><li class=\"menu-item menu-item-type-custom menu-item-object-custom menu-item-1040741\"><a href=\"#ta\" class=\"elementor-item elementor-item-anchor\" tabindex=\"-1\">T\u00edtulo de Agregado<\/a><\/li>\n<li class=\"menu-item menu-item-type-custom menu-item-object-custom menu-item-1040742\"><a href=\"#pcc\" class=\"elementor-item elementor-item-anchor\" tabindex=\"-1\">Provas de Casos Cl\u00ednicos<\/a><\/li>\n<\/ul>\t\t\t<\/nav>\n\t\t\t\t\t\t<\/div>\n\t\t\t\t<\/div>\n\t\t<div class=\"elementor-element elementor-element-c3474ef e-con-full e-flex e-con e-child\" data-id=\"c3474ef\" data-element_type=\"container\" data-e-type=\"container\">\n\t\t<div class=\"elementor-element elementor-element-e1aa7e2 e-con-full e-flex e-con e-child\" data-id=\"e1aa7e2\" data-element_type=\"container\" data-e-type=\"container\" data-settings=\"{&quot;background_background&quot;:&quot;classic&quot;}\">\n\t\t\t\t<div class=\"elementor-element elementor-element-60a2377 elementor-absolute elementor-widget elementor-widget-menu-anchor\" data-id=\"60a2377\" data-element_type=\"widget\" data-e-type=\"widget\" data-settings=\"{&quot;_position&quot;:&quot;absolute&quot;}\" data-widget_type=\"menu-anchor.default\">\n\t\t\t\t\t\t\t<div class=\"elementor-menu-anchor\" id=\"ta\"><\/div>\n\t\t\t\t\t\t<\/div>\n\t\t<div class=\"elementor-element elementor-element-ff05a2f e-con-full e-flex elementor-invisible e-con e-child\" data-id=\"ff05a2f\" data-element_type=\"container\" data-e-type=\"container\" data-settings=\"{&quot;background_background&quot;:&quot;classic&quot;,&quot;animation&quot;:&quot;fadeIn&quot;}\">\n\t\t\t\t<div class=\"elementor-element elementor-element-5e16988 elementor-invisible elementor-widget elementor-widget-heading\" data-id=\"5e16988\" data-element_type=\"widget\" data-e-type=\"widget\" data-settings=\"{&quot;_animation&quot;:&quot;fadeIn&quot;,&quot;_animation_tablet&quot;:&quot;none&quot;,&quot;_animation_mobile&quot;:&quot;none&quot;,&quot;_animation_delay&quot;:100}\" data-widget_type=\"heading.default\">\n\t\t\t\t\t<h2 class=\"elementor-heading-title elementor-size-default\">T\u00cdTULO DE AGREGADO<\/h2>\t\t\t\t<\/div>\n\t\t\t\t<div class=\"elementor-element elementor-element-6e88e46 elementor-widget-divider--view-line elementor-widget elementor-widget-divider\" data-id=\"6e88e46\" data-element_type=\"widget\" data-e-type=\"widget\" data-widget_type=\"divider.default\">\n\t\t\t\t\t\t\t<div class=\"elementor-divider\">\n\t\t\t<span class=\"elementor-divider-separator\">\n\t\t\t\t\t\t<\/span>\n\t\t<\/div>\n\t\t\t\t\t\t<\/div>\n\t\t\t\t<div class=\"elementor-element elementor-element-3b5f61d elementor-widget elementor-widget-text-editor\" data-id=\"3b5f61d\" data-element_type=\"widget\" data-e-type=\"widget\" data-widget_type=\"text-editor.default\">\n\t\t\t\t\t\t\t\t\t<p><strong>Apresenta\u00e7\u00e3o<br \/><\/strong>O t\u00edtulo acad\u00e9mico de agregado visa atestar:<br \/>a) A qualidade do curr\u00edculo acad\u00e9mico, profissional, cient\u00edfico e pedag\u00f3gico;<br \/>b) A capacidade de investiga\u00e7\u00e3o;<br \/>c) A aptid\u00e3o para dirigir e realizar trabalho cient\u00edfico independente.<br \/>Este t\u00edtulo \u00e9 atribu\u00eddo pela Universidade Fernando Pessoa (UFP), mediante a aprova\u00e7\u00e3o em provas p\u00fablicas de agrega\u00e7\u00e3o, nos ramos do conhecimento ou especialidades em que est\u00e1 autorizada a conferir o grau de doutor.<\/p><p><strong>Regulamento<br \/><\/strong>Nos termos do artigo 2.\u00ba e para os efeitos do artigo 4.\u00ba do Decreto-Lei n.\u00ba 239\/2007, de 19 de Junho, encontram-se publicadas as normas regulamentares de atribui\u00e7\u00e3o pela Universidade Fernando Pessoa do t\u00edtulo de agregado.<br \/>Consulte o Regulamento (<a href=\"http:\/\/www.ufp.pt\/wp-content\/uploads\/2025\/11\/regulamento_dr2sn110_9jun2008.pdf\" target=\"_blank\" rel=\"noopener\">PDF<\/a>).<\/p><p><strong>Requerimento<br \/><\/strong>Os candidatos ao T\u00edtulo de Agregado dever\u00e3o entregar, no Gabinete de Ingresso da UFP, o respetivo Requerimento (<a href=\"http:\/\/www.ufp.pt\/wp-content\/uploads\/2025\/11\/Requerimento-Agregacao.pdf\" target=\"_blank\" rel=\"noopener\">PDF<\/a>).<\/p><p><strong>Taxas escolares<br \/><\/strong>Consulte as taxas escolares 2026\/27 \u2013 Provas de Agrega\u00e7\u00e3o (<a href=\"http:\/\/www.ufp.pt\/index.php\/provas-de-agregacao-propinas-e-emolumentos\/\" target=\"_blank\" rel=\"noopener\">aqui<\/a>).<\/p><p><strong>Informa\u00e7\u00f5es e candidaturas<br \/><\/strong>Gabinete de Ingresso (UFP \u2013 Sede)<br \/>Pra\u00e7a 9 de Abril, 349 \u2022 4249-004 Porto<br \/>T. 22 507 1300 \u2022 Fax 22 550 8269<br \/><a href=\"mailto:ingresso@fundacaofernandopessoa.pt\" target=\"_blank\" rel=\"noopener\">ingresso@fundacaofernandopessoa.pt<\/a><\/p>\t\t\t\t\t\t\t\t<\/div>\n\t\t\t\t<\/div>\n\t\t\t\t<\/div>\n\t\t<div class=\"elementor-element elementor-element-9aec455 e-con-full e-flex e-con e-child\" data-id=\"9aec455\" data-element_type=\"container\" data-e-type=\"container\" data-settings=\"{&quot;background_background&quot;:&quot;classic&quot;}\">\n\t\t\t\t<div class=\"elementor-element elementor-element-78ac9f4 elementor-absolute elementor-widget elementor-widget-menu-anchor\" data-id=\"78ac9f4\" data-element_type=\"widget\" data-e-type=\"widget\" data-settings=\"{&quot;_position&quot;:&quot;absolute&quot;}\" data-widget_type=\"menu-anchor.default\">\n\t\t\t\t\t\t\t<div class=\"elementor-menu-anchor\" id=\"pcc\"><\/div>\n\t\t\t\t\t\t<\/div>\n\t\t<div class=\"elementor-element elementor-element-9818888 e-con-full e-flex elementor-invisible e-con e-child\" data-id=\"9818888\" data-element_type=\"container\" data-e-type=\"container\" data-settings=\"{&quot;background_background&quot;:&quot;classic&quot;,&quot;animation&quot;:&quot;fadeIn&quot;}\">\n\t\t\t\t<div class=\"elementor-element elementor-element-a61cb75 elementor-invisible elementor-widget elementor-widget-heading\" data-id=\"a61cb75\" data-element_type=\"widget\" data-e-type=\"widget\" data-settings=\"{&quot;_animation&quot;:&quot;fadeIn&quot;,&quot;_animation_tablet&quot;:&quot;none&quot;,&quot;_animation_mobile&quot;:&quot;none&quot;,&quot;_animation_delay&quot;:100}\" data-widget_type=\"heading.default\">\n\t\t\t\t\t<h2 class=\"elementor-heading-title elementor-size-default\">PROVAS DE CASOS CL\u00cdNICOS<\/h2>\t\t\t\t<\/div>\n\t\t\t\t<div class=\"elementor-element elementor-element-e6908c3 elementor-widget-divider--view-line elementor-widget elementor-widget-divider\" data-id=\"e6908c3\" data-element_type=\"widget\" data-e-type=\"widget\" data-widget_type=\"divider.default\">\n\t\t\t\t\t\t\t<div class=\"elementor-divider\">\n\t\t\t<span class=\"elementor-divider-separator\">\n\t\t\t\t\t\t<\/span>\n\t\t<\/div>\n\t\t\t\t\t\t<\/div>\n\t\t\t\t<div class=\"elementor-element elementor-element-c8cad48 elementor-widget elementor-widget-text-editor\" data-id=\"c8cad48\" data-element_type=\"widget\" data-e-type=\"widget\" data-widget_type=\"text-editor.default\">\n\t\t\t\t\t\t\t\t\t<p><strong>Apresenta\u00e7\u00e3o<br \/><\/strong>As Provas de Apresenta\u00e7\u00e3o, Discuss\u00e3o e Defesas P\u00fablicas de Casos Cl\u00ednicos t\u00eam por finalidade atestar a compet\u00eancia cl\u00ednica numa \u00e1rea de especialidade para efeitos de acesso aos processos especiais de candidatura \u00e0s especialidades de Cirurgia Oral, Odontopediatria e de Periodontologia da Ordem dos M\u00e9dicos Dentistas.<\/p><p><strong>Regulamento<br \/><\/strong>Consulte o Regulamento (<a href=\"http:\/\/www.ufp.pt\/wp-content\/uploads\/2025\/11\/Regulamento-Provas-Casos-Cli\u0301nicos.pdf\" target=\"_blank\" rel=\"noopener\">PDF<\/a>).<\/p><p><strong>Requerimento<br \/><\/strong>Os candidatos a Provas de Apresenta\u00e7\u00e3o, Discuss\u00e3o e Defesas P\u00fablicas de Casos Cl\u00ednicos dever\u00e3o entregar o respetivo Requerimento (<a href=\"http:\/\/www.ufp.pt\/wp-content\/uploads\/2025\/11\/boletim-inscric\u0327a\u0303o-provas-casos-clinicos-1.pdf\" target=\"_blank\" rel=\"noopener\">PDF<\/a>).<\/p><p><strong>Informa\u00e7\u00f5es e candidaturas<br \/><\/strong>Gabinete de Ingresso (UFP \u2013 Sede)<br \/>Pra\u00e7a 9 de Abril, 349 \u2022 4249-004 Porto<br \/>T. 22 507 1300 \u2022 <a href=\"mailto:ingresso@fundacaofernandopessoa.pt\" target=\"_blank\" rel=\"noopener\">ingresso@fundacaofernandopessoa.pt<\/a><\/p>\t\t\t\t\t\t\t\t<\/div>\n\t\t\t\t<\/div>\n\t\t\t\t<\/div>\n\t\t\t\t<\/div>\n\t\t\t\t\t<\/div>\n\t\t\t\t<\/div>\n\t\t\t\t<\/div>\n\t\t","protected":false},"excerpt":{"rendered":"<p>T\u00cdTULOS T\u00cdTULO DE AGREGADO Apresenta\u00e7\u00e3oO t\u00edtulo acad\u00e9mico de agregado visa atestar:a) A qualidade do curr\u00edculo acad\u00e9mico, profissional, cient\u00edfico e pedag\u00f3gico;b) A capacidade de investiga\u00e7\u00e3o;c) A aptid\u00e3o para dirigir e realizar trabalho cient\u00edfico independente.Este t\u00edtulo \u00e9 atribu\u00eddo pela Universidade Fernando Pessoa (UFP), mediante a aprova\u00e7\u00e3o em provas p\u00fablicas de agrega\u00e7\u00e3o, nos ramos do conhecimento ou especialidades [&hellip;]<\/p>\n","protected":false},"author":2,"featured_media":0,"parent":0,"menu_order":0,"comment_status":"closed","ping_status":"closed","template":"","meta":{"footnotes":""},"class_list":["post-1040734","page","type-page","status-publish","hentry"],"yoast_head":"<!-- This site is optimized with the Yoast SEO plugin v27.3 - https:\/\/yoast.com\/product\/yoast-seo-wordpress\/ -->\n<title>T\u00edtulos - Universidade Fernando Pessoa<\/title>\n<meta name=\"robots\" content=\"index, follow, max-snippet:-1, max-image-preview:large, max-video-preview:-1\" \/>\n<link rel=\"canonical\" href=\"http:\/\/new.ufp.pt\/index.php\/titulos\/\" \/>\n<meta property=\"og:locale\" content=\"pt_PT\" \/>\n<meta property=\"og:type\" content=\"article\" \/>\n<meta property=\"og:title\" content=\"T\u00edtulos - Universidade Fernando Pessoa\" \/>\n<meta property=\"og:description\" content=\"T\u00cdTULOS T\u00cdTULO DE AGREGADO Apresenta\u00e7\u00e3oO t\u00edtulo acad\u00e9mico de agregado visa atestar:a) A qualidade do curr\u00edculo acad\u00e9mico, profissional, cient\u00edfico e pedag\u00f3gico;b) A capacidade de investiga\u00e7\u00e3o;c) A aptid\u00e3o para dirigir e realizar trabalho cient\u00edfico independente.Este t\u00edtulo \u00e9 atribu\u00eddo pela Universidade Fernando Pessoa (UFP), mediante a aprova\u00e7\u00e3o em provas p\u00fablicas de agrega\u00e7\u00e3o, nos ramos do conhecimento ou especialidades [&hellip;]\" \/>\n<meta property=\"og:url\" content=\"http:\/\/new.ufp.pt\/index.php\/titulos\/\" \/>\n<meta property=\"og:site_name\" content=\"Universidade Fernando Pessoa\" \/>\n<meta property=\"article:publisher\" content=\"http:\/\/facebook.com\/universidadefernandopessoa\" \/>\n<meta property=\"article:modified_time\" content=\"2026-03-21T14:20:00+00:00\" \/>\n<meta name=\"twitter:card\" content=\"summary_large_image\" \/>\n<meta name=\"twitter:label1\" content=\"Tempo estimado de leitura\" \/>\n\t<meta name=\"twitter:data1\" content=\"2 minutos\" \/>\n<script type=\"application\/ld+json\" class=\"yoast-schema-graph\">{\"@context\":\"https:\\\/\\\/schema.org\",\"@graph\":[{\"@type\":\"WebPage\",\"@id\":\"http:\\\/\\\/new.ufp.pt\\\/index.php\\\/titulos\\\/\",\"url\":\"http:\\\/\\\/new.ufp.pt\\\/index.php\\\/titulos\\\/\",\"name\":\"T\u00edtulos - Universidade Fernando Pessoa\",\"isPartOf\":{\"@id\":\"http:\\\/\\\/new.ufp.pt\\\/#website\"},\"datePublished\":\"2025-11-18T12:16:45+00:00\",\"dateModified\":\"2026-03-21T14:20:00+00:00\",\"breadcrumb\":{\"@id\":\"http:\\\/\\\/new.ufp.pt\\\/index.php\\\/titulos\\\/#breadcrumb\"},\"inLanguage\":\"pt-PT\",\"potentialAction\":[{\"@type\":\"ReadAction\",\"target\":[\"http:\\\/\\\/new.ufp.pt\\\/index.php\\\/titulos\\\/\"]}]},{\"@type\":\"BreadcrumbList\",\"@id\":\"http:\\\/\\\/new.ufp.pt\\\/index.php\\\/titulos\\\/#breadcrumb\",\"itemListElement\":[{\"@type\":\"ListItem\",\"position\":1,\"name\":\"UFP\",\"item\":\"https:\\\/\\\/www.ufp.pt\\\/\"},{\"@type\":\"ListItem\",\"position\":2,\"name\":\"T\u00edtulos\"}]},{\"@type\":\"WebSite\",\"@id\":\"http:\\\/\\\/new.ufp.pt\\\/#website\",\"url\":\"http:\\\/\\\/new.ufp.pt\\\/\",\"name\":\"Universidade Fernando Pessoa\",\"description\":\"\",\"publisher\":{\"@id\":\"http:\\\/\\\/new.ufp.pt\\\/#organization\"},\"potentialAction\":[{\"@type\":\"SearchAction\",\"target\":{\"@type\":\"EntryPoint\",\"urlTemplate\":\"http:\\\/\\\/new.ufp.pt\\\/?s={search_term_string}\"},\"query-input\":{\"@type\":\"PropertyValueSpecification\",\"valueRequired\":true,\"valueName\":\"search_term_string\"}}],\"inLanguage\":\"pt-PT\"},{\"@type\":\"Organization\",\"@id\":\"http:\\\/\\\/new.ufp.pt\\\/#organization\",\"name\":\"Universidade Fernando Pessoa\",\"alternateName\":\"UFP\",\"url\":\"http:\\\/\\\/new.ufp.pt\\\/\",\"logo\":{\"@type\":\"ImageObject\",\"inLanguage\":\"pt-PT\",\"@id\":\"http:\\\/\\\/new.ufp.pt\\\/#\\\/schema\\\/logo\\\/image\\\/\",\"url\":\"https:\\\/\\\/www.ufp.pt\\\/wp-content\\\/uploads\\\/2025\\\/11\\\/02logo_ufp_site.svg\",\"contentUrl\":\"https:\\\/\\\/www.ufp.pt\\\/wp-content\\\/uploads\\\/2025\\\/11\\\/02logo_ufp_site.svg\",\"width\":1280,\"height\":1280,\"caption\":\"Universidade Fernando Pessoa\"},\"image\":{\"@id\":\"http:\\\/\\\/new.ufp.pt\\\/#\\\/schema\\\/logo\\\/image\\\/\"},\"sameAs\":[\"http:\\\/\\\/facebook.com\\\/universidadefernandopessoa\",\"https:\\\/\\\/www.instagram.com\\\/universidadefernandopessoa\\\/\",\"https:\\\/\\\/www.youtube.com\\\/channel\\\/UCgDBeiAe6LpnSzEQj6-TssA\",\"https:\\\/\\\/pt.linkedin.com\\\/school\\\/universidade-fernando-pessoa\\\/\"]}]}<\/script>\n<!-- \/ Yoast SEO plugin. -->","yoast_head_json":{"title":"T\u00edtulos - Universidade Fernando Pessoa","robots":{"index":"index","follow":"follow","max-snippet":"max-snippet:-1","max-image-preview":"max-image-preview:large","max-video-preview":"max-video-preview:-1"},"canonical":"http:\/\/new.ufp.pt\/index.php\/titulos\/","og_locale":"pt_PT","og_type":"article","og_title":"T\u00edtulos - Universidade Fernando Pessoa","og_description":"T\u00cdTULOS T\u00cdTULO DE AGREGADO Apresenta\u00e7\u00e3oO t\u00edtulo acad\u00e9mico de agregado visa atestar:a) A qualidade do curr\u00edculo acad\u00e9mico, profissional, cient\u00edfico e pedag\u00f3gico;b) A capacidade de investiga\u00e7\u00e3o;c) A aptid\u00e3o para dirigir e realizar trabalho cient\u00edfico independente.Este t\u00edtulo \u00e9 atribu\u00eddo pela Universidade Fernando Pessoa (UFP), mediante a aprova\u00e7\u00e3o em provas p\u00fablicas de agrega\u00e7\u00e3o, nos ramos do conhecimento ou especialidades [&hellip;]","og_url":"http:\/\/new.ufp.pt\/index.php\/titulos\/","og_site_name":"Universidade Fernando Pessoa","article_publisher":"http:\/\/facebook.com\/universidadefernandopessoa","article_modified_time":"2026-03-21T14:20:00+00:00","twitter_card":"summary_large_image","twitter_misc":{"Tempo estimado de leitura":"2 minutos"},"schema":{"@context":"https:\/\/schema.org","@graph":[{"@type":"WebPage","@id":"http:\/\/new.ufp.pt\/index.php\/titulos\/","url":"http:\/\/new.ufp.pt\/index.php\/titulos\/","name":"T\u00edtulos - Universidade Fernando Pessoa","isPartOf":{"@id":"http:\/\/new.ufp.pt\/#website"},"datePublished":"2025-11-18T12:16:45+00:00","dateModified":"2026-03-21T14:20:00+00:00","breadcrumb":{"@id":"http:\/\/new.ufp.pt\/index.php\/titulos\/#breadcrumb"},"inLanguage":"pt-PT","potentialAction":[{"@type":"ReadAction","target":["http:\/\/new.ufp.pt\/index.php\/titulos\/"]}]},{"@type":"BreadcrumbList","@id":"http:\/\/new.ufp.pt\/index.php\/titulos\/#breadcrumb","itemListElement":[{"@type":"ListItem","position":1,"name":"UFP","item":"https:\/\/www.ufp.pt\/"},{"@type":"ListItem","position":2,"name":"T\u00edtulos"}]},{"@type":"WebSite","@id":"http:\/\/new.ufp.pt\/#website","url":"http:\/\/new.ufp.pt\/","name":"Universidade Fernando Pessoa","description":"","publisher":{"@id":"http:\/\/new.ufp.pt\/#organization"},"potentialAction":[{"@type":"SearchAction","target":{"@type":"EntryPoint","urlTemplate":"http:\/\/new.ufp.pt\/?s={search_term_string}"},"query-input":{"@type":"PropertyValueSpecification","valueRequired":true,"valueName":"search_term_string"}}],"inLanguage":"pt-PT"},{"@type":"Organization","@id":"http:\/\/new.ufp.pt\/#organization","name":"Universidade Fernando Pessoa","alternateName":"UFP","url":"http:\/\/new.ufp.pt\/","logo":{"@type":"ImageObject","inLanguage":"pt-PT","@id":"http:\/\/new.ufp.pt\/#\/schema\/logo\/image\/","url":"https:\/\/www.ufp.pt\/wp-content\/uploads\/2025\/11\/02logo_ufp_site.svg","contentUrl":"https:\/\/www.ufp.pt\/wp-content\/uploads\/2025\/11\/02logo_ufp_site.svg","width":1280,"height":1280,"caption":"Universidade Fernando Pessoa"},"image":{"@id":"http:\/\/new.ufp.pt\/#\/schema\/logo\/image\/"},"sameAs":["http:\/\/facebook.com\/universidadefernandopessoa","https:\/\/www.instagram.com\/universidadefernandopessoa\/","https:\/\/www.youtube.com\/channel\/UCgDBeiAe6LpnSzEQj6-TssA","https:\/\/pt.linkedin.com\/school\/universidade-fernando-pessoa\/"]}]}},"_links":{"self":[{"href":"https:\/\/www.ufp.pt\/index.php\/wp-json\/wp\/v2\/pages\/1040734","targetHints":{"allow":["GET"]}}],"collection":[{"href":"https:\/\/www.ufp.pt\/index.php\/wp-json\/wp\/v2\/pages"}],"about":[{"href":"https:\/\/www.ufp.pt\/index.php\/wp-json\/wp\/v2\/types\/page"}],"author":[{"embeddable":true,"href":"https:\/\/www.ufp.pt\/index.php\/wp-json\/wp\/v2\/users\/2"}],"replies":[{"embeddable":true,"href":"https:\/\/www.ufp.pt\/index.php\/wp-json\/wp\/v2\/comments?post=1040734"}],"version-history":[{"count":37,"href":"https:\/\/www.ufp.pt\/index.php\/wp-json\/wp\/v2\/pages\/1040734\/revisions"}],"predecessor-version":[{"id":1048985,"href":"https:\/\/www.ufp.pt\/index.php\/wp-json\/wp\/v2\/pages\/1040734\/revisions\/1048985"}],"wp:attachment":[{"href":"https:\/\/www.ufp.pt\/index.php\/wp-json\/wp\/v2\/media?parent=1040734"}],"curies":[{"name":"wp","href":"https:\/\/api.w.org\/{rel}","templated":true}]}}